{"id":2,"date":"2023-03-26T19:14:48","date_gmt":"2023-03-26T19:14:48","guid":{"rendered":"https:\/\/comparativeliterature.si\/?page_id=2"},"modified":"2024-04-03T12:08:34","modified_gmt":"2024-04-03T12:08:34","slug":"about-us","status":"publish","type":"page","link":"https:\/\/comparativeliterature.si\/si\/about-us\/","title":{"rendered":"Opis projekta"},"content":{"rendered":"\n<p>To je uradna spletna stran raziskovalnega projekta <em>Na poti k zgodovini primerjalne knji\u017eevnosti v lu\u010di globalizacije: Matija Murko in njegovi mednarodni sodelavci<\/em>, ki ga financira Javna agencija za raziskovalno dejavnost RS. V tem projektu raziskujemo razli\u010dne na\u010dine, kako zdru\u017eiti obrobne akademske glasove s centralnimi naracijami o zgodovini primerjalne knji\u017eevnosti. \u0160e posebej nas zanima premostitev vrzeli med natan\u010dnim in oddaljenim branjem ter mikro- in makrozgodovino, kar lahko pomaga raziskovalcem pri raziskovanju neznanih mest v zgodovini znanosti.<\/p>\n\n\n\n<p class=\"has-large-font-size\"><strong>Raziskovalna skupina<\/strong><\/p>\n\n\n\n<figure class=\"wp-block-image size-full is-resized\"><img loading=\"lazy\" decoding=\"async\" width=\"360\" height=\"360\" src=\"https:\/\/comparativeliterature.si\/wp-content\/uploads\/2024\/02\/zabel.jpeg\" alt=\"\" class=\"wp-image-120\" style=\"aspect-ratio:1;object-fit:cover;width:230px;height:auto\" srcset=\"https:\/\/comparativeliterature.si\/wp-content\/uploads\/2024\/02\/zabel.jpeg 360w, https:\/\/comparativeliterature.si\/wp-content\/uploads\/2024\/02\/zabel-300x300.jpeg 300w, https:\/\/comparativeliterature.si\/wp-content\/uploads\/2024\/02\/zabel-150x150.jpeg 150w\" sizes=\"auto, (max-width: 360px) 100vw, 360px\" \/><figcaption class=\"wp-element-caption\">Foto: FF LJ<\/figcaption><\/figure>\n\n\n\n<p><strong>Dr. Bla\u017e Zabel<\/strong><\/p>\n\n\n\n<p>Doc. dr. <strong>Bla\u017e Zabel<\/strong> je vodja raziskovalnega projekta. Raziskuje vpliv Murkovega dela na ameri\u0161ko \u0161olo ljudskega slovstva (Milman Parry, Albert Lord). Obenem se posve\u010da zgodovini primerjalne knji\u017eevnosti in njenim intelektualnim figuram (denimo Hutchesonu Macaulayu Posnettu, Johannu Wolfgangu von Goetheju, Fernandu Baldenspergerju itd.). Poleg vodenja projekta je zadol\u017een za raziskovanje arhivov v Ljubljani, Litom\u011b\u0159icah in Cambridgeu, MA (ZDA) ter za \u0161tudij recepcije Murkovega dela v ameri\u0161ki in sodobni primerjalni knji\u017eevnosti.<\/p>\n\n\n\n<p><a href=\"https:\/\/cris.cobiss.net\/ecris\/si\/sl\/researcher\/51624\" data-type=\"link\" data-id=\"https:\/\/cris.cobiss.net\/ecris\/si\/sl\/researcher\/51624\">SICRIS<\/a><\/p>\n\n\n\n<hr class=\"wp-block-separator has-alpha-channel-opacity\"\/>\n\n\n\n<figure class=\"wp-block-image size-full is-resized\"><img loading=\"lazy\" decoding=\"async\" width=\"360\" height=\"360\" src=\"https:\/\/comparativeliterature.si\/wp-content\/uploads\/2024\/02\/Jez-2.jpeg\" alt=\"\" class=\"wp-image-127\" style=\"aspect-ratio:1;object-fit:cover;width:231px;height:auto\" srcset=\"https:\/\/comparativeliterature.si\/wp-content\/uploads\/2024\/02\/Jez-2.jpeg 360w, https:\/\/comparativeliterature.si\/wp-content\/uploads\/2024\/02\/Jez-2-300x300.jpeg 300w, https:\/\/comparativeliterature.si\/wp-content\/uploads\/2024\/02\/Jez-2-150x150.jpeg 150w\" sizes=\"auto, (max-width: 360px) 100vw, 360px\" \/><figcaption class=\"wp-element-caption\">Foto: FF LJ<\/figcaption><\/figure>\n\n\n\n<h2 class=\"wp-block-heading\">Dr. <strong>Andra\u017e Je\u017e<\/strong><\/h2>\n\n\n\n<p class=\"has-text-align-left\">Doc. dr. <strong>Andra\u017e Je\u017e<\/strong> raziskuje zgodovino slovenske literarne vede v Avstroogrski monarhiji in se osredoto\u010da na pomen zbiranja ljudskega slovstva za nastanek narodov. Pri raziskovalnem projektu je zadol\u017een za raziskavo arhiva v Litom\u011b\u0159icah in za recepcijo Murkovega dela v avstroogrskem kontekstu.<\/p>\n\n\n\n<p><a href=\"https:\/\/cris.cobiss.net\/ecris\/si\/sl\/researcher\/39219\" data-type=\"link\" data-id=\"https:\/\/cris.cobiss.net\/ecris\/si\/sl\/researcher\/39219\">SICRIS<\/a><\/p>\n\n\n\n<hr class=\"wp-block-separator has-alpha-channel-opacity\"\/>\n\n\n\n<figure class=\"wp-block-image size-large is-resized\"><img loading=\"lazy\" decoding=\"async\" width=\"1024\" height=\"680\" src=\"https:\/\/comparativeliterature.si\/wp-content\/uploads\/2024\/03\/DSC_0098-2-1024x680.jpg\" alt=\"\" class=\"wp-image-194\" style=\"aspect-ratio:1;object-fit:cover;width:230px;height:auto\" srcset=\"https:\/\/comparativeliterature.si\/wp-content\/uploads\/2024\/03\/DSC_0098-2-1024x680.jpg 1024w, https:\/\/comparativeliterature.si\/wp-content\/uploads\/2024\/03\/DSC_0098-2-300x199.jpg 300w, https:\/\/comparativeliterature.si\/wp-content\/uploads\/2024\/03\/DSC_0098-2-768x510.jpg 768w, https:\/\/comparativeliterature.si\/wp-content\/uploads\/2024\/03\/DSC_0098-2-1536x1020.jpg 1536w, https:\/\/comparativeliterature.si\/wp-content\/uploads\/2024\/03\/DSC_0098-2-2048x1360.jpg 2048w, https:\/\/comparativeliterature.si\/wp-content\/uploads\/2024\/03\/DSC_0098-2-452x300.jpg 452w\" sizes=\"auto, (max-width: 1024px) 100vw, 1024px\" \/><figcaption class=\"wp-element-caption\">Foto: Osebni arhiv<\/figcaption><\/figure>\n\n\n\n<h2 class=\"wp-block-heading\">Dr. <strong>Varja Bal\u017ealorsky Anti\u0107<\/strong><\/h2>\n\n\n\n<p>Doc. dr. <strong>Vanja Bal\u017ealorsky Anti\u0107<\/strong> se raziskovalno posve\u010da zgodovini lirskega pesni\u0161tva in trubadurski poeziji, eni od oblik ljudskega pesni\u0161tva, pomembni za primerjalni \u0161tudij tradicije ljudskega slovstva. Prav tako se ukvarja z zgodovino francoskega akademskega okolja, zato bo zadol\u017eena za raziskovanje v pari\u0161kih arhivih in za \u0161tudij recepcije Murkovega dela v francoski primerjalni knji\u017eevnosti.<\/p>\n\n\n\n<p><a href=\"https:\/\/cris.cobiss.net\/ecris\/si\/sl\/researcher\/31962\" data-type=\"link\" data-id=\"https:\/\/cris.cobiss.net\/ecris\/si\/sl\/researcher\/31962\">SICRIS<\/a><\/p>\n\n\n\n<hr class=\"wp-block-separator has-alpha-channel-opacity\"\/>\n\n\n\n<figure class=\"wp-block-image size-large is-resized\"><img loading=\"lazy\" decoding=\"async\" width=\"1024\" height=\"748\" src=\"https:\/\/comparativeliterature.si\/wp-content\/uploads\/2024\/02\/Ciglenecki-1-1024x748.jpg\" alt=\"\" class=\"wp-image-128\" style=\"aspect-ratio:1;object-fit:cover;width:230px;height:auto\" srcset=\"https:\/\/comparativeliterature.si\/wp-content\/uploads\/2024\/02\/Ciglenecki-1-1024x748.jpg 1024w, https:\/\/comparativeliterature.si\/wp-content\/uploads\/2024\/02\/Ciglenecki-1-300x219.jpg 300w, https:\/\/comparativeliterature.si\/wp-content\/uploads\/2024\/02\/Ciglenecki-1-768x561.jpg 768w, https:\/\/comparativeliterature.si\/wp-content\/uploads\/2024\/02\/Ciglenecki-1-1536x1122.jpg 1536w, https:\/\/comparativeliterature.si\/wp-content\/uploads\/2024\/02\/Ciglenecki-1-2048x1496.jpg 2048w, https:\/\/comparativeliterature.si\/wp-content\/uploads\/2024\/02\/Ciglenecki-1-411x300.jpg 411w\" sizes=\"auto, (max-width: 1024px) 100vw, 1024px\" \/><figcaption class=\"wp-element-caption\">Foto: Osebni arhiv<\/figcaption><\/figure>\n\n\n\n<h2 class=\"wp-block-heading\">Dr. <strong>Jan Ciglene\u010dki<\/strong><\/h2>\n\n\n\n<p>Doc. dr. <strong>Jan Ciglene\u010dki<\/strong> se posve\u010da anti\u010dni in srednjeve\u0161ki filozofiji in zgodovini avstroogrskega orientalizma in egiptologije. Kot poznavalec dunajskih arhivov bo opravil raziskave tamkaj\u0161njih arhivskih zbirk, povezanih z raziskovalnim projektom.<\/p>\n\n\n\n<p><a href=\"https:\/\/cris.cobiss.net\/ecris\/si\/sl\/researcher\/51183\" data-type=\"link\" data-id=\"https:\/\/cris.cobiss.net\/ecris\/si\/sl\/researcher\/51183\">SICRIS<\/a><\/p>\n\n\n\n<hr class=\"wp-block-separator has-alpha-channel-opacity\"\/>\n\n\n\n<figure class=\"wp-block-image size-full is-resized\"><img loading=\"lazy\" decoding=\"async\" width=\"360\" height=\"360\" src=\"https:\/\/comparativeliterature.si\/wp-content\/uploads\/2024\/02\/Sirca-1.jpeg\" alt=\"\" class=\"wp-image-129\" style=\"aspect-ratio:1;object-fit:cover;width:232px;height:auto\" srcset=\"https:\/\/comparativeliterature.si\/wp-content\/uploads\/2024\/02\/Sirca-1.jpeg 360w, https:\/\/comparativeliterature.si\/wp-content\/uploads\/2024\/02\/Sirca-1-300x300.jpeg 300w, https:\/\/comparativeliterature.si\/wp-content\/uploads\/2024\/02\/Sirca-1-150x150.jpeg 150w\" sizes=\"auto, (max-width: 360px) 100vw, 360px\" \/><figcaption class=\"wp-element-caption\">Foto: FF LJ<\/figcaption><\/figure>\n\n\n\n<h2 class=\"wp-block-heading\">Dr. <strong>Alen \u0160irca<\/strong><\/h2>\n\n\n\n<p>Doc. dr. <strong>Alen \u0160irca<\/strong> je komparativist in poznavalec baro\u010dne knji\u017eevnosti. Posvetil se bo raziskovanju recepcije Murkovega dela v nem\u0161ki primerjalni knji\u017eevnosti.<\/p>\n\n\n\n<p><a href=\"https:\/\/cris.cobiss.net\/ecris\/si\/sl\/researcher\/21419\" data-type=\"link\" data-id=\"https:\/\/cris.cobiss.net\/ecris\/si\/sl\/researcher\/21419\">SICRIS<\/a><\/p>\n\n\n\n<hr class=\"wp-block-separator has-alpha-channel-opacity\"\/>\n\n\n\n<figure class=\"wp-block-image size-full is-resized\"><img loading=\"lazy\" decoding=\"async\" width=\"360\" height=\"360\" src=\"https:\/\/comparativeliterature.si\/wp-content\/uploads\/2024\/02\/Petek.jpeg\" alt=\"\" class=\"wp-image-130\" style=\"aspect-ratio:1;object-fit:cover;width:231px;height:auto\" srcset=\"https:\/\/comparativeliterature.si\/wp-content\/uploads\/2024\/02\/Petek.jpeg 360w, https:\/\/comparativeliterature.si\/wp-content\/uploads\/2024\/02\/Petek-300x300.jpeg 300w, https:\/\/comparativeliterature.si\/wp-content\/uploads\/2024\/02\/Petek-150x150.jpeg 150w\" sizes=\"auto, (max-width: 360px) 100vw, 360px\" \/><figcaption class=\"wp-element-caption\">Foto: FF LJ<\/figcaption><\/figure>\n\n\n\n<h2 class=\"wp-block-heading\">Dr. <strong>Nina Petek<\/strong><\/h2>\n\n\n\n<p>Doc. dr. <strong>Nina Petek<\/strong> se posve\u010da indijski knji\u017eevnosti in filozofiji. Ves \u010das trajanja projekta pomaga s transkulturno in transdisciplinarno evalvacijo metodologije, ki jo uporabljamo pri projektu. Sama enako metodologijo uporablja pri \u0161tudiju primera zgodovine hidujskega dela Bhavagad-gita.<\/p>\n\n\n\n<p><a href=\"https:\/\/cris.cobiss.net\/ecris\/si\/sl\/researcher\/41722\" data-type=\"link\" data-id=\"https:\/\/cris.cobiss.net\/ecris\/si\/sl\/researcher\/41722\">SICRIS<\/a><\/p>\n\n\n\n<hr class=\"wp-block-separator has-alpha-channel-opacity\"\/>\n\n\n\n<figure class=\"wp-block-image size-full is-resized\"><img loading=\"lazy\" decoding=\"async\" width=\"360\" height=\"360\" src=\"https:\/\/comparativeliterature.si\/wp-content\/uploads\/2024\/02\/Smolej.jpeg\" alt=\"\" class=\"wp-image-131\" style=\"aspect-ratio:1;object-fit:cover;width:231px;height:auto\" srcset=\"https:\/\/comparativeliterature.si\/wp-content\/uploads\/2024\/02\/Smolej.jpeg 360w, https:\/\/comparativeliterature.si\/wp-content\/uploads\/2024\/02\/Smolej-300x300.jpeg 300w, https:\/\/comparativeliterature.si\/wp-content\/uploads\/2024\/02\/Smolej-150x150.jpeg 150w\" sizes=\"auto, (max-width: 360px) 100vw, 360px\" \/><figcaption class=\"wp-element-caption\">Foto: FF LJ<\/figcaption><\/figure>\n\n\n\n<h2 class=\"wp-block-heading\">Dr. <strong>Tone Smolej<\/strong><\/h2>\n\n\n\n<p>Red. prof. dr. <strong>Tone Smolej<\/strong> je komparativist in francist. Raziskovalno se posve\u010da imagologiji, tematologiji in zgodovini primerjalne knji\u017eevnosti. Pri projektu ga bo zanimal vpliv zgodnej\u0161ega Murkovega dela na razvoj primerjalne knji\u017eevnosti. <\/p>\n\n\n\n<p><a href=\"https:\/\/cris.cobiss.net\/ecris\/si\/sl\/researcher\/11548\" data-type=\"link\" data-id=\"https:\/\/cris.cobiss.net\/ecris\/si\/sl\/researcher\/11548\">SICRIS<\/a><\/p>\n\n\n\n<hr class=\"wp-block-separator has-alpha-channel-opacity\"\/>\n\n\n\n<figure class=\"wp-block-image size-full is-resized\"><img loading=\"lazy\" decoding=\"async\" width=\"360\" height=\"360\" src=\"https:\/\/comparativeliterature.si\/wp-content\/uploads\/2024\/02\/Samide.jpeg\" alt=\"\" class=\"wp-image-132\" style=\"aspect-ratio:1;object-fit:cover;width:232px;height:auto\" srcset=\"https:\/\/comparativeliterature.si\/wp-content\/uploads\/2024\/02\/Samide.jpeg 360w, https:\/\/comparativeliterature.si\/wp-content\/uploads\/2024\/02\/Samide-300x300.jpeg 300w, https:\/\/comparativeliterature.si\/wp-content\/uploads\/2024\/02\/Samide-150x150.jpeg 150w\" sizes=\"auto, (max-width: 360px) 100vw, 360px\" \/><figcaption class=\"wp-element-caption\">Foto: FF LJ<\/figcaption><\/figure>\n\n\n\n<h2 class=\"wp-block-heading\">Dr. <strong>Irena Samide<\/strong><\/h2>\n\n\n\n<p>Izr. prof. dr. <strong>Irena Samide<\/strong> je komparativistva in nemcistka. V svojem raziskovanju se posve\u010da podro\u010djem vzajemnih nem\u0161ko-slovenskih literarnih odnosov, zato bo pri projektu zadol\u017eena za raziskovanje vpliva Murkovega dela na nem\u0161ko primerjalno literarno vedo. <\/p>\n\n\n\n<p><a href=\"https:\/\/cris.cobiss.net\/ecris\/si\/sl\/researcher\/11096\" data-type=\"link\" data-id=\"https:\/\/cris.cobiss.net\/ecris\/si\/sl\/researcher\/11096\">SICRIS<\/a><\/p>\n\n\n\n<hr class=\"wp-block-separator has-alpha-channel-opacity\"\/>\n\n\n\n<figure class=\"wp-block-image size-large is-resized\"><img loading=\"lazy\" decoding=\"async\" width=\"1024\" height=\"1024\" src=\"https:\/\/comparativeliterature.si\/wp-content\/uploads\/2024\/03\/Gselman-1024x1024.jpg\" alt=\"\" class=\"wp-image-197\" style=\"object-fit:cover;width:235px;height:auto\" srcset=\"https:\/\/comparativeliterature.si\/wp-content\/uploads\/2024\/03\/Gselman-1024x1024.jpg 1024w, https:\/\/comparativeliterature.si\/wp-content\/uploads\/2024\/03\/Gselman-300x300.jpg 300w, https:\/\/comparativeliterature.si\/wp-content\/uploads\/2024\/03\/Gselman-150x150.jpg 150w, https:\/\/comparativeliterature.si\/wp-content\/uploads\/2024\/03\/Gselman-768x768.jpg 768w, https:\/\/comparativeliterature.si\/wp-content\/uploads\/2024\/03\/Gselman-1536x1536.jpg 1536w, https:\/\/comparativeliterature.si\/wp-content\/uploads\/2024\/03\/Gselman-2048x2048.jpg 2048w\" sizes=\"auto, (max-width: 1024px) 100vw, 1024px\" \/><figcaption class=\"wp-element-caption\">Foto: Osebni arhiv<\/figcaption><\/figure>\n\n\n\n<h2 class=\"wp-block-heading\"><strong>Bla\u017e Gselman<\/strong><\/h2>\n\n\n\n<p><strong>Bla\u017e Gselman<\/strong> je komparativist z izku\u0161njami z obse\u017enim arhivskim delom. Odgovoren je za raziskovanje arhivskih zbirk v Ljubljani in Berlinu. Poleg tega organizira arhivske raziskave in analize dokumentov ter skrbi za njihov nemoten potek. <\/p>\n\n\n\n<p><a href=\"https:\/\/cris.cobiss.net\/ecris\/si\/sl\/researcher\/54573\" data-type=\"link\" data-id=\"https:\/\/cris.cobiss.net\/ecris\/si\/sl\/researcher\/54573\">SICRIS<\/a><\/p>\n","protected":false},"excerpt":{"rendered":"<p>To je uradna spletna stran raziskovalnega projekta Na poti k zgodovini primerjalne knji\u017eevnosti v lu\u010di globalizacije: Matija Murko in njegovi mednarodni sodelavci, ki ga financira Javna agencija za raziskovalno dejavnost RS. V tem projektu raziskujemo razli\u010dne na\u010dine, kako zdru\u017eiti obrobne &hellip; <a href=\"https:\/\/comparativeliterature.si\/si\/about-us\/\">Continue reading <span class=\"meta-nav\">&rarr;<\/span><\/a><\/p>\n","protected":false},"author":1,"featured_media":0,"parent":0,"menu_order":0,"comment_status":"closed","ping_status":"closed","template":"","meta":{"footnotes":""},"class_list":["post-2","page","type-page","status-publish","hentry"],"translation":{"provider":"WPGlobus","version":"3.0.0","language":"si","enabled_languages":["en","si"],"languages":{"en":{"title":true,"content":true,"excerpt":false},"si":{"title":true,"content":true,"excerpt":false}}},"_links":{"self":[{"href":"https:\/\/comparativeliterature.si\/si\/wp-json\/wp\/v2\/pages\/2","targetHints":{"allow":["GET"]}}],"collection":[{"href":"https:\/\/comparativeliterature.si\/si\/wp-json\/wp\/v2\/pages"}],"about":[{"href":"https:\/\/comparativeliterature.si\/si\/wp-json\/wp\/v2\/types\/page"}],"author":[{"embeddable":true,"href":"https:\/\/comparativeliterature.si\/si\/wp-json\/wp\/v2\/users\/1"}],"replies":[{"embeddable":true,"href":"https:\/\/comparativeliterature.si\/si\/wp-json\/wp\/v2\/comments?post=2"}],"version-history":[{"count":45,"href":"https:\/\/comparativeliterature.si\/si\/wp-json\/wp\/v2\/pages\/2\/revisions"}],"predecessor-version":[{"id":231,"href":"https:\/\/comparativeliterature.si\/si\/wp-json\/wp\/v2\/pages\/2\/revisions\/231"}],"wp:attachment":[{"href":"https:\/\/comparativeliterature.si\/si\/wp-json\/wp\/v2\/media?parent=2"}],"curies":[{"name":"wp","href":"https:\/\/api.w.org\/{rel}","templated":true}]}}